

{"id":13136,"date":"2023-11-02T17:07:05","date_gmt":"2023-11-02T17:07:05","guid":{"rendered":"https:\/\/markleen.com\/?page_id=13136"},"modified":"2024-04-19T09:21:08","modified_gmt":"2024-04-19T09:21:08","slug":"casos-exito","status":"publish","type":"page","link":"https:\/\/markleen.com\/es\/casos-exito\/","title":{"rendered":"Casos de \u00e9xito"},"content":{"rendered":"\n<div class=\"wp-block-cover alignfull has-parallax mb-0 has-text-white-color has-text-color\" style=\"min-height:70vh;aspect-ratio:unset;\"><span aria-hidden=\"true\" class=\"wp-block-cover__background has-background-dim\"><\/span><div class=\"wp-block-cover__image-background wp-image-13778 has-parallax\" style=\"background-position:50% 50%;background-image:url(https:\/\/markleen.com\/wp-content\/uploads\/2023\/11\/ecosolid-5.jpg)\"><\/div><div class=\"wp-block-cover__inner-container is-layout-constrained wp-block-cover-is-layout-constrained\"><h1 class=\"has-text-align-center wp-block-post-title\">Casos de \u00e9xito<\/h1>\n\n<div class=\"has-text-align-center wp-block-post-excerpt has-medium-font-size\"><p class=\"wp-block-post-excerpt__excerpt\">Consulta aqu\u00ed algunas soluciones proporcionadas por Markleen a la problem\u00e1tica presentada por nuestros clientes. Trabajamos estrechamente con nuestros clientes desde el primer d\u00eda para ofrecerles una soluci\u00f3n \u00edntegra adaptada a sus necesidades. <\/p><\/div><\/div><\/div>\n\n\n\n<div class=\"wp-block-columns alignfull are-vertically-aligned-top mb-0 is-style-alignfull-right is-layout-flex wp-container-core-columns-is-layout-1 wp-block-columns-is-layout-flex\" id=\"intro-product\">\n<div class=\"wp-block-column is-vertically-aligned-top pt-3 is-layout-flow wp-block-column-is-layout-flow\" style=\"flex-basis:66.66%\"><nav aria-label=\"breadcrumbs\" class=\"rank-math-breadcrumb\"><p><span class=\"last\">Technological solutions for the marine environment<\/span><\/p><\/nav>\n\n\n\n<h2 class=\"wp-block-heading\" id=\"equipos-para-la-limpieza-de-derrames-de-petroleo-en-alta-mar\">Los derrames de petr\u00f3leo son eventos desafortunados que pueden tener consecuencias medioambientales significativas.<\/h2>\n\n\n\n<h3 class=\"wp-block-heading\" id=\"markleen-fabrica-todos-los-equipos-de-control-para-la-contaminacion-del-agua-marina-y-aguas-interiores\"><strong>Frenar un derrame de petr\u00f3leo es un desaf\u00edo t\u00e9cnico y log\u00edstico que requiere una respuesta r\u00e1pida y coordinada. <\/strong><\/h3>\n\n\n\n<p>La respuesta exitosa a un derrame de petr\u00f3leo generalmente implica la combinaci\u00f3n de varias t\u00e9cnicas.<\/p>\n\n\n\n<p>Las puestas en marcha, la formaci\u00f3n in-situ del sistema y un servicio post-venta que garantice que todo est\u00e1 en condiciones \u00f3ptimas para responder en cualquier momento ante un derrame son fundamentales para minimizar los impactos ambientales y proteger las zonas afectadas.<\/p>\n\n\n\n<p>Nuestros clientes saben que nuestro equipo t\u00e9cnico est\u00e1 permanentemente a su disposici\u00f3n para dar soluci\u00f3n a cualquier consulta y llevar a cabo operaciones en todo el mundo.<\/p>\n\n\n\n<div class=\"wp-block-buttons is-layout-flex wp-block-buttons-is-layout-flex\">\n<div class=\"wp-block-button\"><a class=\"wp-block-button__link wp-element-button\" href=\"#respuestas\">Ver casos estudio<\/a><\/div>\n<\/div>\n\n\n\n<h2 class=\"wp-block-heading\" id=\"single-point-inflatable-offshore-boom\"><strong> <\/strong><\/h2>\n<\/div>\n\n\n\n<div class=\"wp-block-column is-vertically-aligned-top is-layout-flow wp-block-column-is-layout-flow\" style=\"flex-basis:16%\"><\/div>\n\n\n\n<div class=\"wp-block-column is-vertically-aligned-top is-layout-flow wp-block-column-is-layout-flow\" style=\"flex-basis:66.66%\">\n<figure class=\"wp-block-image size-full img-bg-l\"><img loading=\"lazy\" decoding=\"async\" width=\"500\" height=\"376\" src=\"https:\/\/markleen.com\/wp-content\/uploads\/2020\/03\/nofo-pack-oil-spill1.jpg\" alt=\"nofo-pack-oil-spill\" class=\"wp-image-1076\" title=\"\" srcset=\"https:\/\/markleen.com\/wp-content\/uploads\/2020\/03\/nofo-pack-oil-spill1.jpg 500w, https:\/\/markleen.com\/wp-content\/uploads\/2020\/03\/nofo-pack-oil-spill1-300x226.jpg 300w\" sizes=\"(max-width: 500px) 100vw, 500px\" \/><\/figure>\n<\/div>\n<\/div>\n\n\n\n<div style=\"height:80px\" aria-hidden=\"true\" id=\"casos\" class=\"wp-block-spacer\"><\/div>\n\n\n\n<div class=\"wp-block-query is-layout-flow wp-block-query-is-layout-flow\"><ul class=\"columns-2 sectores wp-block-post-template is-layout-grid wp-container-core-post-template-is-layout-1 wp-block-post-template-is-layout-grid\"><li class=\"wp-block-post post-623 cases type-cases status-publish has-post-thumbnail hentry\">\n\n<div class=\"wp-block-group is-style-card-horizontal has-text-white-color has-secondary-40-background-color has-text-color has-background is-nowrap is-layout-flex wp-container-core-group-is-layout-2 wp-block-group-is-layout-flex\"><figure style=\"aspect-ratio:1;\" class=\"wp-block-post-featured-image wp-container-content-1\"><a href=\"https:\/\/markleen.com\/es\/casos-exito\/puertos-argelinos\/\" target=\"_self\"  ><img loading=\"lazy\" decoding=\"async\" width=\"1400\" height=\"753\" src=\"https:\/\/markleen.com\/wp-content\/uploads\/2020\/04\/puertos-argelia-cab.jpg\" class=\"attachment-post-thumbnail size-post-thumbnail wp-post-image\" alt=\"Puertos argelinos\" style=\"width:100%;height:100%;object-fit:cover;\" srcset=\"https:\/\/markleen.com\/wp-content\/uploads\/2020\/04\/puertos-argelia-cab.jpg 1400w, https:\/\/markleen.com\/wp-content\/uploads\/2020\/04\/puertos-argelia-cab-300x161.jpg 300w, https:\/\/markleen.com\/wp-content\/uploads\/2020\/04\/puertos-argelia-cab-768x413.jpg 768w, https:\/\/markleen.com\/wp-content\/uploads\/2020\/04\/puertos-argelia-cab-1024x551.jpg 1024w\" sizes=\"(max-width: 1400px) 100vw, 1400px\" title=\"\"><\/a><\/figure>\n\n\n<div class=\"wp-block-group wp-container-content-3 is-vertical is-layout-flex wp-container-core-group-is-layout-1 wp-block-group-is-layout-flex\"><h2 class=\"is-style-text-h3 wp-block-post-title\">Puertos argelinos<\/h2>\n\n<div class=\"wp-block-post-excerpt\"><p class=\"wp-block-post-excerpt__excerpt\">Puertos argelinos adquieren paquetes completos contenerizados Markleen de lucha contra derrames de petr\u00f3leo <\/p><\/div>\n\n\n<div style=\"height:0px\" aria-hidden=\"true\" class=\"wp-block-spacer wp-container-content-2\"><\/div>\n\n\n<a class=\"wp-block-button__link wp-block-read-more\" href=\"https:\/\/markleen.com\/es\/casos-exito\/puertos-argelinos\/\" target=\"_self\">Leer m\u00e1s<span class=\"screen-reader-text\">: Puertos argelinos<\/span><\/a><\/div>\n<\/div>\n\n<\/li><li class=\"wp-block-post post-537 cases type-cases status-publish has-post-thumbnail hentry\">\n\n<div class=\"wp-block-group is-style-card-horizontal has-text-white-color has-secondary-40-background-color has-text-color has-background is-nowrap is-layout-flex wp-container-core-group-is-layout-4 wp-block-group-is-layout-flex\"><figure style=\"aspect-ratio:1;\" class=\"wp-block-post-featured-image wp-container-content-4\"><a href=\"https:\/\/markleen.com\/es\/casos-exito\/cepsa-huelva\/\" target=\"_self\"  ><img loading=\"lazy\" decoding=\"async\" width=\"1400\" height=\"671\" src=\"https:\/\/markleen.com\/wp-content\/uploads\/2020\/04\/cepsa-pack-oil-spill-cab.jpg\" class=\"attachment-post-thumbnail size-post-thumbnail wp-post-image\" alt=\"CEPSA Huelva\" style=\"width:100%;height:100%;object-fit:cover;\" srcset=\"https:\/\/markleen.com\/wp-content\/uploads\/2020\/04\/cepsa-pack-oil-spill-cab.jpg 1400w, https:\/\/markleen.com\/wp-content\/uploads\/2020\/04\/cepsa-pack-oil-spill-cab-300x144.jpg 300w, https:\/\/markleen.com\/wp-content\/uploads\/2020\/04\/cepsa-pack-oil-spill-cab-768x368.jpg 768w, https:\/\/markleen.com\/wp-content\/uploads\/2020\/04\/cepsa-pack-oil-spill-cab-1024x491.jpg 1024w\" sizes=\"(max-width: 1400px) 100vw, 1400px\" title=\"\"><\/a><\/figure>\n\n\n<div class=\"wp-block-group wp-container-content-6 is-vertical is-layout-flex wp-container-core-group-is-layout-3 wp-block-group-is-layout-flex\"><h2 class=\"is-style-text-h3 wp-block-post-title\">CEPSA Huelva<\/h2>\n\n<div class=\"wp-block-post-excerpt\"><p class=\"wp-block-post-excerpt__excerpt\">Sistemas de prevenci\u00f3n instalados en la r\u00eda de Huelva como garant\u00eda contra posibles derrames de hidrocarburos <\/p><\/div>\n\n\n<div style=\"height:0px\" aria-hidden=\"true\" class=\"wp-block-spacer wp-container-content-5\"><\/div>\n\n\n<a class=\"wp-block-button__link wp-block-read-more\" href=\"https:\/\/markleen.com\/es\/casos-exito\/cepsa-huelva\/\" target=\"_self\">Leer m\u00e1s<span class=\"screen-reader-text\">: CEPSA Huelva<\/span><\/a><\/div>\n<\/div>\n\n<\/li><li class=\"wp-block-post post-51 cases type-cases status-publish has-post-thumbnail hentry\">\n\n<div class=\"wp-block-group is-style-card-horizontal has-text-white-color has-secondary-40-background-color has-text-color has-background is-nowrap is-layout-flex wp-container-core-group-is-layout-6 wp-block-group-is-layout-flex\"><figure style=\"aspect-ratio:1;\" class=\"wp-block-post-featured-image wp-container-content-7\"><a href=\"https:\/\/markleen.com\/es\/casos-exito\/nofo-sistemas-barreras\/\" target=\"_self\"  ><img loading=\"lazy\" decoding=\"async\" width=\"1400\" height=\"756\" src=\"https:\/\/markleen.com\/wp-content\/uploads\/2020\/03\/nofo-pack-oil-spill-cab.jpg\" class=\"attachment-post-thumbnail size-post-thumbnail wp-post-image\" alt=\"NOFO\" style=\"width:100%;height:100%;object-fit:cover;\" srcset=\"https:\/\/markleen.com\/wp-content\/uploads\/2020\/03\/nofo-pack-oil-spill-cab.jpg 1400w, https:\/\/markleen.com\/wp-content\/uploads\/2020\/03\/nofo-pack-oil-spill-cab-300x162.jpg 300w, https:\/\/markleen.com\/wp-content\/uploads\/2020\/03\/nofo-pack-oil-spill-cab-768x415.jpg 768w, https:\/\/markleen.com\/wp-content\/uploads\/2020\/03\/nofo-pack-oil-spill-cab-1024x553.jpg 1024w\" sizes=\"(max-width: 1400px) 100vw, 1400px\" title=\"\"><\/a><\/figure>\n\n\n<div class=\"wp-block-group wp-container-content-9 is-vertical is-layout-flex wp-container-core-group-is-layout-5 wp-block-group-is-layout-flex\"><h2 class=\"is-style-text-h3 wp-block-post-title\">NOFO<\/h2>\n\n<div class=\"wp-block-post-excerpt\"><p class=\"wp-block-post-excerpt__excerpt\">Suministro de 10 sistemas de barreras offshore MOS Boom para bases de NOFO por toda la costa noruega <\/p><\/div>\n\n\n<div style=\"height:0px\" aria-hidden=\"true\" class=\"wp-block-spacer wp-container-content-8\"><\/div>\n\n\n<a class=\"wp-block-button__link wp-block-read-more\" href=\"https:\/\/markleen.com\/es\/casos-exito\/nofo-sistemas-barreras\/\" target=\"_self\">Leer m\u00e1s<span class=\"screen-reader-text\">: NOFO<\/span><\/a><\/div>\n<\/div>\n\n<\/li><\/ul>\n\n<\/div>\n\n\n\n<div style=\"height:80px\" aria-hidden=\"true\" class=\"wp-block-spacer\"><\/div>\n\n\n\n<div style=\"height:80px\" aria-hidden=\"true\" class=\"wp-block-spacer\"><\/div>\n\n\n\n<figure class=\"wp-block-image alignfull size-large mb-0 mt-6 floating\"><img loading=\"lazy\" decoding=\"async\" width=\"1440\" height=\"357\" src=\"https:\/\/markleen.com\/wp-content\/uploads\/2023\/11\/bg-olas.svg\" alt=\"Markleen | Soluciones a derrames en el medio marino, industria y otros sectores\" class=\"wp-image-15016\" title=\"\"><\/figure>\n\n\n\n<div class=\"wp-block-cover alignfull is-style-default mb-0\"><span aria-hidden=\"true\" class=\"wp-block-cover__background has-background-dim-0 has-background-dim\"><\/span><img loading=\"lazy\" decoding=\"async\" width=\"1440\" height=\"1780\" class=\"wp-block-cover__image-background wp-image-13275\" alt=\"Markleen | Soluciones a derrames en el medio marino, industria y otros sectores\" src=\"https:\/\/markleen.com\/wp-content\/uploads\/2023\/10\/bg-waves-footer.jpg\" style=\"object-position:50% 0%\" data-object-fit=\"cover\" data-object-position=\"50% 0%\" title=\"\" srcset=\"https:\/\/markleen.com\/wp-content\/uploads\/2023\/10\/bg-waves-footer.jpg 1440w, https:\/\/markleen.com\/wp-content\/uploads\/2023\/10\/bg-waves-footer-243x300.jpg 243w, https:\/\/markleen.com\/wp-content\/uploads\/2023\/10\/bg-waves-footer-828x1024.jpg 828w, https:\/\/markleen.com\/wp-content\/uploads\/2023\/10\/bg-waves-footer-768x949.jpg 768w, https:\/\/markleen.com\/wp-content\/uploads\/2023\/10\/bg-waves-footer-1243x1536.jpg 1243w\" sizes=\"(max-width: 1440px) 100vw, 1440px\" \/><div class=\"wp-block-cover__inner-container is-layout-constrained wp-block-cover-is-layout-constrained\">\n<div style=\"height:48px\" aria-hidden=\"true\" class=\"wp-block-spacer\"><\/div>\n\n\n\n<div class=\"wp-block-group is-style-border-radius alignwide-small has-text-main-color has-secondary-10-background-color has-text-color has-background is-content-justification-left\"><div class=\"wp-block-group__inner-container is-layout-constrained wp-container-core-group-is-layout-8 wp-block-group-is-layout-constrained\">\n<div class=\"wp-block-columns mb-0 is-layout-flex wp-container-core-columns-is-layout-2 wp-block-columns-is-layout-flex\">\n<div class=\"wp-block-column is-layout-flow wp-block-column-is-layout-flow\" style=\"flex-basis:33.33%\">\n<div class=\"wp-block-group\"><div class=\"wp-block-group__inner-container is-layout-constrained wp-block-group-is-layout-constrained\"><div class=\"wp-block-image\">\n<figure class=\"aligncenter size-thumbnail\"><img loading=\"lazy\" decoding=\"async\" width=\"150\" height=\"150\" src=\"https:\/\/markleen.com\/wp-content\/uploads\/2023\/11\/favicon-markleen-150x150.png\" alt=\"Markleen | Soluciones a derrames en el medio marino, industria y otros sectores\" class=\"wp-image-13051\" style=\"object-fit:cover\" title=\"\" srcset=\"https:\/\/markleen.com\/wp-content\/uploads\/2023\/11\/favicon-markleen-150x150.png 150w, https:\/\/markleen.com\/wp-content\/uploads\/2023\/11\/favicon-markleen-300x300.png 300w, https:\/\/markleen.com\/wp-content\/uploads\/2023\/11\/favicon-markleen-332x332.png 332w, https:\/\/markleen.com\/wp-content\/uploads\/2023\/11\/favicon-markleen.png 512w\" sizes=\"(max-width: 150px) 100vw, 150px\" \/><\/figure><\/div>\n\n\n<p class=\"has-text-align-center\">MARKLEEN MANAGEMENT, S.L.<\/p>\n\n\n\n<div style=\"height:32px\" aria-hidden=\"true\" class=\"wp-block-spacer\"><\/div>\n\n\n\n<p><strong>Contacte con nosotros si desea m\u00e1s informaci\u00f3n a trav\u00e9s de nuestros email o rellenando el formulario de contacto.<\/strong><\/p>\n\n\n\n<p>Contacto comercial:<br><a href=\"mailto:markleen@markleen.eu\">markleen@markleen.eu<\/a><br>Servicio t\u00e9cnico:<br><a href=\"mailto:technicalservice@markleen.eu\">technicalservice@markleen.eu<\/a><\/p>\n<\/div><\/div>\n<\/div>\n\n\n\n<div class=\"wp-block-column is-layout-flow wp-block-column-is-layout-flow\" style=\"flex-basis:66.66%\">\n<div class=\"wp-block-contact-form-7-contact-form-selector\">\n<div class=\"wpcf7 no-js\" id=\"wpcf7-f10-o1\" lang=\"es-ES\" dir=\"ltr\" data-wpcf7-id=\"10\">\n<div class=\"screen-reader-response\"><p role=\"status\" aria-live=\"polite\" aria-atomic=\"true\"><\/p> <ul><\/ul><\/div>\n<form action=\"\/es\/wp-json\/wp\/v2\/pages\/13136#wpcf7-f10-o1\" method=\"post\" class=\"wpcf7-form init\" aria-label=\"Formulario de contacto\" novalidate=\"novalidate\" data-status=\"init\">\n<div style=\"display: none;\">\n<input type=\"hidden\" name=\"_wpcf7\" value=\"10\" \/>\n<input type=\"hidden\" name=\"_wpcf7_version\" value=\"6.0.6\" \/>\n<input type=\"hidden\" name=\"_wpcf7_locale\" value=\"es_ES\" \/>\n<input type=\"hidden\" name=\"_wpcf7_unit_tag\" value=\"wpcf7-f10-o1\" \/>\n<input type=\"hidden\" name=\"_wpcf7_container_post\" value=\"0\" \/>\n<input type=\"hidden\" name=\"_wpcf7_posted_data_hash\" value=\"\" \/>\n<\/div>\n<p><label>Nombre*<br \/>\n<span class=\"wpcf7-form-control-wrap\" data-name=\"your-name\"><input size=\"40\" maxlength=\"400\" class=\"wpcf7-form-control wpcf7-text wpcf7-validates-as-required\" aria-required=\"true\" aria-invalid=\"false\" value=\"\" type=\"text\" name=\"your-name\" \/><\/span> <\/label>\n<\/p>\n<p><label>Email*<br \/>\n<span class=\"wpcf7-form-control-wrap\" data-name=\"your-email\"><input size=\"40\" maxlength=\"400\" class=\"wpcf7-form-control wpcf7-email wpcf7-validates-as-required wpcf7-text wpcf7-validates-as-email\" aria-required=\"true\" aria-invalid=\"false\" value=\"\" type=\"email\" name=\"your-email\" \/><\/span> <\/label>\n<\/p>\n<p><label>Tel\u00e9fono*<br \/>\n<span class=\"wpcf7-form-control-wrap\" data-name=\"your-phone\"><input size=\"40\" maxlength=\"400\" class=\"wpcf7-form-control wpcf7-tel wpcf7-validates-as-required wpcf7-text wpcf7-validates-as-tel\" aria-required=\"true\" aria-invalid=\"false\" value=\"\" type=\"tel\" name=\"your-phone\" \/><\/span> <\/label>\n<\/p>\n<p><label>Su mensaje<br \/>\n<span class=\"wpcf7-form-control-wrap\" data-name=\"your-message\"><textarea cols=\"40\" rows=\"4\" maxlength=\"2000\" class=\"wpcf7-form-control wpcf7-textarea\" aria-invalid=\"false\" name=\"your-message\"><\/textarea><\/span> <\/label>\n<\/p>\n<div class=\"\">\n\t<p><span class=\"wpcf7-form-control-wrap\" data-name=\"acceptance-535\"><span class=\"wpcf7-form-control wpcf7-acceptance\"><span class=\"wpcf7-list-item\"><label><input type=\"checkbox\" name=\"acceptance-535\" value=\"1\" aria-invalid=\"false\" \/><span class=\"wpcf7-list-item-label\">He le\u00eddo y acepto la <a href=\"https:\/\/markleen.com\/es\/politica-privacidad\/\">pol\u00edtica de privacidad<\/a><\/span><\/label><\/span><\/span><\/span>\n\t<\/p>\n<\/div>\n<p><input class=\"wpcf7-form-control wpcf7-submit has-spinner btn btn--full has-primary-background-color\" type=\"submit\" value=\"Enviar\" \/>\n<\/p><div class=\"wpcf7-response-output\" aria-hidden=\"true\"><\/div>\n<\/form>\n<\/div>\n<\/div>\n<\/div>\n<\/div>\n<\/div><\/div>\n\n\n\n<div style=\"height:64px\" aria-hidden=\"true\" class=\"wp-block-spacer\"><\/div>\n\n\n\n<div class=\"wp-block-columns site-footer has-text-white-color has-text-color is-layout-flex wp-container-core-columns-is-layout-3 wp-block-columns-is-layout-flex\">\n<div class=\"wp-block-column is-layout-flow wp-block-column-is-layout-flow\">\n<p>MARKLEEN MANAGEMENT, S.L.<\/p>\n\n\n\n<p>Pol. R\u00edo G\u00e1llego, Calle E, 22.<br>50840 San Mateo de G\u00e1llego<br>Zaragoza, Spain<\/p>\n<\/div>\n\n\n\n<div class=\"wp-block-column is-layout-flow wp-block-column-is-layout-flow\">\n<p>SERGE FERRARI GROUP<\/p>\n\n\n\n<p>ZI de la Tour du Pin<br>38110 Saint Jean de Soudain<br>France<\/p>\n<\/div>\n\n\n\n<div class=\"wp-block-column is-layout-flow wp-block-column-is-layout-flow\">\n<p class=\"has-text-white-color has-text-color\">Contacto comercial:<br><a href=\"mailto:markleen@markleen.eu\">markleen@markleen.eu<\/a><\/p>\n\n\n\n<p>Servicio t\u00e9cnico:<br><a href=\"mailto:technicalservice@markleen.eu\">technicalservice@markleen.eu<\/a><\/p>\n<\/div>\n\n\n\n<div class=\"wp-block-column is-vertically-aligned-center is-layout-flow wp-block-column-is-layout-flow\" style=\"flex-basis:16.66%\">\n<ul class=\"wp-block-social-links aligncenter has-icon-color is-style-logos-only is-content-justification-right is-layout-flex wp-container-core-social-links-is-layout-1 wp-block-social-links-is-layout-flex\"><li style=\"color: var(--text-white, #fff); \" class=\"wp-social-link wp-social-link-linkedin has-text-white-color wp-block-social-link\"><a href=\"https:\/\/www.linkedin.com\/company\/markleen\" class=\"wp-block-social-link-anchor\" target=\"_blank\" rel=\"noopener\"><svg width=\"24\" height=\"24\" viewBox=\"0 0 24 24\" version=\"1.1\" xmlns=\"http:\/\/www.w3.org\/2000\/svg\" aria-hidden=\"true\" focusable=\"false\"><path d=\"M19.7,3H4.3C3.582,3,3,3.582,3,4.3v15.4C3,20.418,3.582,21,4.3,21h15.4c0.718,0,1.3-0.582,1.3-1.3V4.3 C21,3.582,20.418,3,19.7,3z M8.339,18.338H5.667v-8.59h2.672V18.338z M7.004,8.574c-0.857,0-1.549-0.694-1.549-1.548 c0-0.855,0.691-1.548,1.549-1.548c0.854,0,1.547,0.694,1.547,1.548C8.551,7.881,7.858,8.574,7.004,8.574z M18.339,18.338h-2.669 v-4.177c0-0.996-0.017-2.278-1.387-2.278c-1.389,0-1.601,1.086-1.601,2.206v4.249h-2.667v-8.59h2.559v1.174h0.037 c0.356-0.675,1.227-1.387,2.526-1.387c2.703,0,3.203,1.779,3.203,4.092V18.338z\"><\/path><\/svg><span class=\"wp-block-social-link-label screen-reader-text\">LinkedIn<\/span><\/a><\/li><\/ul>\n<\/div>\n<\/div>\n<\/div><\/div>\n","protected":false},"excerpt":{"rendered":"<p>Consulta aqu\u00ed algunas soluciones proporcionadas por Markleen a la problem\u00e1tica presentada por nuestros clientes. Trabajamos estrechamente con nuestros clientes desde el primer d\u00eda para ofrecerles una soluci\u00f3n \u00edntegra adaptada a sus necesidades.<\/p>\n","protected":false},"author":1,"featured_media":0,"parent":0,"menu_order":0,"comment_status":"closed","ping_status":"closed","template":"","meta":{"_acf_changed":false,"footnotes":""},"class_list":["post-13136","page","type-page","status-publish","hentry"],"acf":[],"_links":{"self":[{"href":"https:\/\/markleen.com\/es\/wp-json\/wp\/v2\/pages\/13136"}],"collection":[{"href":"https:\/\/markleen.com\/es\/wp-json\/wp\/v2\/pages"}],"about":[{"href":"https:\/\/markleen.com\/es\/wp-json\/wp\/v2\/types\/page"}],"author":[{"embeddable":true,"href":"https:\/\/markleen.com\/es\/wp-json\/wp\/v2\/users\/1"}],"replies":[{"embeddable":true,"href":"https:\/\/markleen.com\/es\/wp-json\/wp\/v2\/comments?post=13136"}],"version-history":[{"count":0,"href":"https:\/\/markleen.com\/es\/wp-json\/wp\/v2\/pages\/13136\/revisions"}],"wp:attachment":[{"href":"https:\/\/markleen.com\/es\/wp-json\/wp\/v2\/media?parent=13136"}],"curies":[{"name":"wp","href":"https:\/\/api.w.org\/{rel}","templated":true}]}}