

{"id":16912,"date":"2025-04-11T10:13:19","date_gmt":"2025-04-11T10:13:19","guid":{"rendered":"https:\/\/markleen.com\/aviso-legal\/"},"modified":"2025-04-30T13:11:17","modified_gmt":"2025-04-30T13:11:17","slug":"aviso-legal","status":"publish","type":"page","link":"https:\/\/markleen.com\/es\/aviso-legal\/","title":{"rendered":"Aviso Legal"},"content":{"rendered":"\n<div class=\"wp-block-cover alignfull has-parallax mb-0 has-text-white-color has-text-color\" style=\"min-height:350px;aspect-ratio:unset;\"><span aria-hidden=\"true\" class=\"wp-block-cover__background has-background-dim\"><\/span><div class=\"wp-block-cover__image-background wp-image-1065 has-parallax\" style=\"background-position:50% 50%;background-image:url(https:\/\/markleen.com\/wp-content\/uploads\/2020\/04\/puertos-argelia-cab.jpg)\"><\/div><div class=\"wp-block-cover__inner-container is-layout-constrained wp-block-cover-is-layout-constrained\"><h1 class=\"has-text-align-center wp-block-post-title\">Aviso Legal<\/h1>\n\n<div class=\"has-text-align-center wp-block-post-excerpt has-medium-font-size\"><p class=\"wp-block-post-excerpt__excerpt\">Markleen Management, S.L. <\/p><\/div><\/div><\/div>\n\n\n\n<div style=\"height:48px\" aria-hidden=\"true\" class=\"wp-block-spacer\"><\/div>\n\n\n\n<h2 class=\"wp-block-heading\">Titular del sitio web<\/h2>\n\n\n\n<figure class=\"wp-block-table\"><table><tbody><tr><td><strong>Denominaci\u00f3n social<\/strong><\/td><td><strong>Markleen Management S.L.<\/strong><strong><\/strong><\/td><\/tr><tr><td><strong>NIF<\/strong><\/td><td><strong>B50976430<\/strong><\/td><\/tr><tr><td><strong>Domicilio social<\/strong><\/td><td><strong>C\/ E (Pol. Ind. R\u00edo G\u00e1llego) 22, 50840 San Mateo de G\u00e1llego (Zaragoza), Espa\u00f1a<\/strong><\/td><\/tr><tr><td><strong>Contacto<\/strong><\/td><td>Email <a href=\"mailto:adm@markleen.eu\"><strong>adm@markleen.eu<\/strong><\/a><\/td><\/tr><tr><td><strong>Tel\u00e9fono<\/strong><\/td><td><strong>976683000<\/strong><\/td><\/tr><tr><td><strong>Datos de inscripci\u00f3n<\/strong><\/td><td><strong>Registro mercantil<\/strong><br>Tomo: 2962<br>Libro:<br>Folio: 175<br>Secci\u00f3n:\u00a0<br>Hoja: Z-33978 Inscripci\u00f3n 1\u00aa<\/td><\/tr><\/tbody><\/table><\/figure>\n\n\n\n<div style=\"height:100px\" aria-hidden=\"true\" class=\"wp-block-spacer\"><\/div>\n","protected":false},"excerpt":{"rendered":"<p>Markleen Management, S.L. <\/p>\n","protected":false},"author":1,"featured_media":0,"parent":0,"menu_order":0,"comment_status":"closed","ping_status":"closed","template":"","meta":{"_acf_changed":false,"footnotes":""},"class_list":["post-16912","page","type-page","status-publish","hentry"],"acf":[],"_links":{"self":[{"href":"https:\/\/markleen.com\/es\/wp-json\/wp\/v2\/pages\/16912"}],"collection":[{"href":"https:\/\/markleen.com\/es\/wp-json\/wp\/v2\/pages"}],"about":[{"href":"https:\/\/markleen.com\/es\/wp-json\/wp\/v2\/types\/page"}],"author":[{"embeddable":true,"href":"https:\/\/markleen.com\/es\/wp-json\/wp\/v2\/users\/1"}],"replies":[{"embeddable":true,"href":"https:\/\/markleen.com\/es\/wp-json\/wp\/v2\/comments?post=16912"}],"version-history":[{"count":2,"href":"https:\/\/markleen.com\/es\/wp-json\/wp\/v2\/pages\/16912\/revisions"}],"predecessor-version":[{"id":16983,"href":"https:\/\/markleen.com\/es\/wp-json\/wp\/v2\/pages\/16912\/revisions\/16983"}],"wp:attachment":[{"href":"https:\/\/markleen.com\/es\/wp-json\/wp\/v2\/media?parent=16912"}],"curies":[{"name":"wp","href":"https:\/\/api.w.org\/{rel}","templated":true}]}}