

{"id":2709,"date":"2020-11-17T07:02:10","date_gmt":"2020-11-17T07:02:10","guid":{"rendered":"https:\/\/markleen.com\/?page_id=2709"},"modified":"2024-04-18T12:06:07","modified_gmt":"2024-04-18T12:06:07","slug":"derrames-petroleo-ecosistema-marino","status":"publish","type":"page","link":"https:\/\/markleen.com\/es\/especialistas-derrames\/derrames-petroleo-ecosistema-marino\/","title":{"rendered":"Derrames de petr\u00f3leo y el ecosistema marino"},"content":{"rendered":"\n<div class=\"wp-block-columns alignfull are-vertically-aligned-center is-style-alignfull-right is-layout-flex wp-container-core-columns-is-layout-1 wp-block-columns-is-layout-flex\">\n<div class=\"wp-block-column is-vertically-aligned-center is-layout-flow wp-block-column-is-layout-flow\"><nav aria-label=\"breadcrumbs\" class=\"rank-math-breadcrumb\"><p><span class=\"last\">Technological solutions for the marine environment<\/span><\/p><\/nav>\n\n\n\n<h2 class=\"wp-block-heading\">El transporte de hidrocarburos en el mar incrementa su tr\u00e1fico de manera notable cada a\u00f1o.<\/h2>\n\n\n\n<p>Los puertos europeos son el origen o el destino de unos 1000 M de toneladas de hidrocarburos anualmente y el 70% se efect\u00faa en las costas del Mar del Norte y el Atl\u00e1ntico.<\/p>\n\n\n\n<p>Existe el peligro de que tanto <strong>mares como playas y costas acaben siendo los receptores de derrames de petr\u00f3leo y otros hidrocarburos<\/strong>, dada la cantidad de accidentes que se producen a diario. Este hecho tiene unas <strong>consecuencias nefastas<\/strong> para el mar, y por ende, para las especies vegetales y animales que en \u00e9l habitan.<\/p>\n\n\n\n<p><\/p>\n<\/div>\n\n\n\n<div class=\"wp-block-column is-vertically-aligned-center is-layout-flow wp-block-column-is-layout-flow\">\n<figure class=\"wp-block-image size-full mb-0\"><img loading=\"lazy\" decoding=\"async\" width=\"1953\" height=\"1302\" src=\"https:\/\/markleen.com\/wp-content\/uploads\/2023\/12\/156164040_10158464198173924_9021427348209775080_n.jpg\" alt=\"Markleen | Soluciones a derrames en el medio marino, industria y otros sectores\" class=\"wp-image-14018\" title=\"\" srcset=\"https:\/\/markleen.com\/wp-content\/uploads\/2023\/12\/156164040_10158464198173924_9021427348209775080_n.jpg 1953w, https:\/\/markleen.com\/wp-content\/uploads\/2023\/12\/156164040_10158464198173924_9021427348209775080_n-300x200.jpg 300w, https:\/\/markleen.com\/wp-content\/uploads\/2023\/12\/156164040_10158464198173924_9021427348209775080_n-1024x683.jpg 1024w, https:\/\/markleen.com\/wp-content\/uploads\/2023\/12\/156164040_10158464198173924_9021427348209775080_n-768x512.jpg 768w, https:\/\/markleen.com\/wp-content\/uploads\/2023\/12\/156164040_10158464198173924_9021427348209775080_n-1536x1024.jpg 1536w\" sizes=\"(max-width: 1953px) 100vw, 1953px\" \/><\/figure>\n<\/div>\n<\/div>\n\n\n\n<div class=\"wp-block-cover alignfull\" style=\"min-height:150px;aspect-ratio:unset;\"><span aria-hidden=\"true\" class=\"wp-block-cover__background has-tertiary-background-color has-background-dim-100 has-background-dim\"><\/span><div class=\"wp-block-cover__inner-container is-layout-constrained wp-block-cover-is-layout-constrained\">\n<div class=\"wp-block-columns is-layout-flex wp-container-core-columns-is-layout-2 wp-block-columns-is-layout-flex\">\n<div class=\"wp-block-column is-layout-flow wp-block-column-is-layout-flow\" style=\"flex-basis:50%\">\n<p>Es vital para nuestra propia supervivencia cuidar nuestros oc\u00e9anos, costas y playas ya que <strong>la contaminaci\u00f3n marina es un grave problema que afecta directamente a la flora y fauna e indirectamente a la salud humana<\/strong>.<\/p>\n<\/div>\n\n\n\n<div class=\"wp-block-column is-layout-flow wp-block-column-is-layout-flow\" style=\"flex-basis:50%\">\n<p>Por ese motivo, <strong>es necesario conocer los da\u00f1os provocados por estos desastres<\/strong>, as\u00ed como desarrollar potentes planes de acci\u00f3n para actuar con la mayor rapidez en caso de producirse, y si no, estar preparados por si ocurriera con los <a href=\"\/es\/soluciones-derrames\/\" class=\"rank-math-link\"><strong>equipos de limpieza y contenci\u00f3n de derrames de petr\u00f3leo<\/strong><\/a> necesarios y eficaces.<\/p>\n<\/div>\n<\/div>\n<\/div><\/div>\n\n\n\n<div style=\"height:64px\" aria-hidden=\"true\" class=\"wp-block-spacer\"><\/div>\n\n\n\n<h2 class=\"wp-block-heading\"><strong>Impacto medioambiental de los derrames de petr\u00f3leo<\/strong><\/h2>\n\n\n\n<h3 class=\"wp-block-heading\">Podr\u00edamos decir que el efecto del petr\u00f3leo en el mar tiene lugar de forma progresiva, es decir, se desarrolla en diferentes fases<\/h3>\n\n\n\n<div class=\"wp-block-columns is-layout-flex wp-container-core-columns-is-layout-3 wp-block-columns-is-layout-flex\">\n<div class=\"wp-block-column is-layout-flow wp-block-column-is-layout-flow\">\n<p>En primer lugar, en el momento exacto en que este fen\u00f3meno ocurre, <strong>aparece una especie de pel\u00edcula aceitosa sobre la superficie del agua marina que obstaculiza el paso de la luz durante varios d\u00edas<\/strong>, semanas incluso meses <strong>si el derrame no es contenido y limpiado con rapidez<\/strong>. Debido a que algunas plantas marinas necesitan nutrirse de la energ\u00eda solar para llevar a cabo el proceso de fotos\u00edntesis, al no poder hacerlo, su muerte resulta inminente.<\/p>\n\n\n\n<p>Gradualmente, <strong>el petr\u00f3leo alcanza capas m\u00e1s profundas del mar<\/strong>, lo que se traduce en una contaminaci\u00f3n mucho m\u00e1s problem\u00e1tica. Y es que la tremenda toxicidad de sus componentes qu\u00edmicos provoca la <strong>desaparici\u00f3n de m\u00faltiples microorganismos<\/strong>. <br><br>Igualmente, con el paso del tiempo, <strong>los derrames de petr\u00f3leo en el mar da\u00f1an irremediablemente a todos los seres vivos <\/strong>que forman parte del ecosistema marino en cuesti\u00f3n. Dado que sus fuentes de nutrici\u00f3n y su sistema de reproducci\u00f3n sufren alteraciones graves, la supervivencia de algunas especies pende de un hilo como resultado.<\/p>\n<\/div>\n\n\n\n<div class=\"wp-block-column is-layout-flow wp-block-column-is-layout-flow\">\n<figure class=\"wp-block-image size-large img-bg-r\"><img loading=\"lazy\" decoding=\"async\" width=\"800\" height=\"528\" src=\"https:\/\/markleen.com\/wp-content\/uploads\/2020\/11\/chapapote-playa.jpg\" alt=\"Vertidos de hidrocarburos depositados sobre la arena de la playa\" class=\"wp-image-2717\" title=\"Vertidos de hidrocarburos depositados sobre la arena de la playa\" srcset=\"https:\/\/markleen.com\/wp-content\/uploads\/2020\/11\/chapapote-playa.jpg 800w, https:\/\/markleen.com\/wp-content\/uploads\/2020\/11\/chapapote-playa-300x198.jpg 300w, https:\/\/markleen.com\/wp-content\/uploads\/2020\/11\/chapapote-playa-768x507.jpg 768w\" sizes=\"(max-width: 800px) 100vw, 800px\" \/><figcaption class=\"wp-element-caption\">Vertidos de hidrocarburos depositados sobre la arena de la playa<\/figcaption><\/figure>\n<\/div>\n<\/div>\n\n\n\n<div style=\"height:64px\" aria-hidden=\"true\" class=\"wp-block-spacer\"><\/div>\n\n\n\n<h2 class=\"wp-block-heading\"><strong>\u00bfCu\u00e1les son las especies m\u00e1s afectadas por este problema medioambiental?<\/strong><\/h2>\n\n\n\n<div class=\"wp-block-columns is-layout-flex wp-container-core-columns-is-layout-4 wp-block-columns-is-layout-flex\">\n<div class=\"wp-block-column is-layout-flow wp-block-column-is-layout-flow\"><div class=\"wp-block-image img-bg-l\">\n<figure class=\"alignleft size-large\"><img loading=\"lazy\" decoding=\"async\" width=\"500\" height=\"500\" src=\"https:\/\/markleen.com\/wp-content\/uploads\/2020\/11\/chapapote-aves-marinas.jpg\" alt=\"Chapapote en aves marinas tras un vertido de hidrocarburos en el mar\" class=\"wp-image-2737\" title=\"Chapapote en aves marinas tras un vertido de hidrocarburos en el mar\" srcset=\"https:\/\/markleen.com\/wp-content\/uploads\/2020\/11\/chapapote-aves-marinas.jpg 500w, https:\/\/markleen.com\/wp-content\/uploads\/2020\/11\/chapapote-aves-marinas-150x150.jpg 150w, https:\/\/markleen.com\/wp-content\/uploads\/2020\/11\/chapapote-aves-marinas-300x300.jpg 300w\" sizes=\"(max-width: 500px) 100vw, 500px\" \/><figcaption class=\"wp-element-caption\">Petr\u00f3leo en aves marinas tras un vertido de hidrocarburos en el mar<\/figcaption><\/figure><\/div><\/div>\n\n\n\n<div class=\"wp-block-column is-layout-flow wp-block-column-is-layout-flow\">\n<p>En general los <strong>derrames de petr\u00f3leo en el mar afectan a todos los mam\u00edferos marinos, a los peces y mariscos y, c\u00f3mo no, a todas las aves<\/strong> que desarrollan gran parte de su vida cerca del mar.<\/p>\n\n\n\n<p>Los mam\u00edferos marinos que padecen especialmente los efectos negativos de los derrames petrol\u00edferos son los <strong>delfines y las ballenas<\/strong>. Esto es as\u00ed, ya que cuando los mismos salen a la superficie marina a coger aire, los vertidos pueden provocar obstrucciones en sus v\u00edas respiratorias.<\/p>\n\n\n\n<p>Por otro lado, <strong>las aves<\/strong> son otras de las especies m\u00e1s afectadas. Desgraciadamente, muchas de ellas perecen cuando tratan de mantenerse limpias de sustancias nocivas por culpa de una intoxicaci\u00f3n directa. Otras pierden la capacidad de volar por la acci\u00f3n de este l\u00edquido en sus alas y, al no poder moverse, la hipotermia pone fin a sus vidas.<\/p>\n\n\n\n<p>Otros organismos que suelen estar sujetos a sufrir este tipo de peligro son principalmente <strong>el marisco y los peces<\/strong> en general haciendo que no sean seguros para el consumo humano.<\/p>\n\n\n\n<p>Es cierto que <strong>a la mayor\u00eda de ellos no les afecta el derrame de inmediato, pero con el paso de los d\u00edas las mismas corrientes marinas hacen que les llegue gran parte del problema<\/strong>.<\/p>\n<\/div>\n<\/div>\n\n\n\n<div style=\"height:64px\" aria-hidden=\"true\" class=\"wp-block-spacer\"><\/div>\n\n\n\n<h2 class=\"wp-block-heading\"><strong>\u00bfQu\u00e9 hacer ante un derrame de petr\u00f3leo en el mar?<\/strong><\/h2>\n\n\n\n<div class=\"wp-block-columns is-layout-flex wp-container-core-columns-is-layout-5 wp-block-columns-is-layout-flex\">\n<div class=\"wp-block-column is-layout-flow wp-block-column-is-layout-flow\">\n<h3 class=\"wp-block-heading\">Puesto que el impacto del petr\u00f3leo en el mar puede llegar a ser verdaderamente conflictivo, es importante adoptar una serie de acciones preventivas<\/h3>\n\n\n\n<p>Los vertidos de petr\u00f3leo en el mar pueden tener repercusiones nefastas para el medio ambiente si no se act\u00faa con urgencia. Miles de especies marinas podr\u00edan desaparecer a causa del contacto directo con sustancias qu\u00edmicas altamente nocivas.<\/p>\n\n\n\n<p>As\u00ed, es necesario hacer ver que es posible evitar algunos da\u00f1os colaterales a fin de proteger la salud de playas y mares con un buen <a href=\"\/es\/respuestas-derrames\/plan-prevencion\/\" class=\"rank-math-link\">plan de prevenci\u00f3n de derrames en el mar<\/a>. <\/p>\n\n\n\n<p class=\"has-white-color has-secondary-background-color has-text-color has-background\"><strong>La mayor soluci\u00f3n ante derrames de petr\u00f3leo en el mar, siempre, es prevenir con equipos profesionales que ayuden con rapidez e inmediatez a contener y limpiar el derrame<\/strong><\/p>\n\n\n\n<p>Empresas de <a href=\"\/es\/sectores-usos\/construccion\/\" class=\"rank-math-link\">construcci\u00f3n portuarias<\/a>, empresas petrol\u00edferas con extracci\u00f3n en el mar y peque\u00f1as o grandes empresas de transporte de crudo, incluso la <a href=\"\/es\/sectores-usos\/industria\/\" class=\"rank-math-link\">industria<\/a>, entre otras, hacen acopio en sus instalaciones de las <a href=\"\/es\/soluciones-derrames-barreras-contencion\/\" class=\"rank-math-link\"><strong>mejores barreras de contenci\u00f3n<\/strong><\/a> y equipos de limpieza y <a href=\"\/es\/soluciones-derrames-skimmers\/\" class=\"rank-math-link\"><strong>skimmers de recogida de petr\u00f3leo<\/strong><\/a>, con el \u00fanico objetivo de actuar con rapidez y minimizar los riesgos asociados a este tipo de desastres.<\/p>\n<\/div>\n\n\n\n<div class=\"wp-block-column is-layout-flow wp-block-column-is-layout-flow\">\n<figure class=\"wp-block-image size-large img-bg-r\"><img loading=\"lazy\" decoding=\"async\" width=\"500\" height=\"500\" src=\"https:\/\/markleen.com\/wp-content\/uploads\/2020\/11\/chapapote-limpieza-derrames02.jpg\" alt=\"Limpieza de chapapote en playas y costas\" class=\"wp-image-2740\" title=\"Limpieza de chapapote en playas y costas\" srcset=\"https:\/\/markleen.com\/wp-content\/uploads\/2020\/11\/chapapote-limpieza-derrames02.jpg 500w, https:\/\/markleen.com\/wp-content\/uploads\/2020\/11\/chapapote-limpieza-derrames02-150x150.jpg 150w, https:\/\/markleen.com\/wp-content\/uploads\/2020\/11\/chapapote-limpieza-derrames02-300x300.jpg 300w\" sizes=\"(max-width: 500px) 100vw, 500px\" \/><figcaption class=\"wp-element-caption\">Limpieza de un derrame de hidrocarburos en playas y costas<\/figcaption><\/figure>\n<\/div>\n<\/div>\n\n\n\n<div class=\"wp-block-cover has-primary-100-color has-text-color has-link-color wp-elements-cf05363dfa07b78d387db7cdadb8e3c9\" style=\"min-height:250px;aspect-ratio:unset;\"><span aria-hidden=\"true\" class=\"wp-block-cover__background has-primary-10-background-color has-background-dim-100 has-background-dim\"><\/span><div class=\"wp-block-cover__inner-container is-layout-constrained wp-block-cover-is-layout-constrained\">\n<p class=\"has-text-align-center has-medium-font-size\">Si no sabes por d\u00f3nde empezar, Markleen te ayuda a definir tus necesidades, tanto en prevenci\u00f3n como ante un desastre ya ocurrido. Ponemos a tu disposici\u00f3n todas las <a class=\"rank-math-link\" href=\"\/es\/respuestas-derrames\/limpieza-derrames-petroleo-mar\/\"><span style=\"background-color:rgba(0, 0, 0, 0)\" class=\"has-inline-color has-secondary-color\">t\u00e9cnicas de recuperaci\u00f3n y limpieza de derrames<\/span><\/a>. No dudes en ponerte en <a class=\"rank-math-link\" href=\"\/contacto\/\"><span style=\"background-color:rgba(0, 0, 0, 0)\" class=\"has-inline-color has-secondary-color\">contacto con nosotros<\/span><\/a> ante cualquier problema urgente, tenemos los equipos y protocolos necesarios para que act\u00faes cuanto antes.<\/p>\n<\/div><\/div>\n\n\n\n<div style=\"height:64px\" aria-hidden=\"true\" class=\"wp-block-spacer\"><\/div>\n\n\n\n<h3 class=\"wp-block-heading\"><strong>La clave para acabar con este serio problema es la prevenci\u00f3n<\/strong>. Conociendo el modo de evitar que estos compuestos lleguen a inundar las playas, la cat\u00e1strofe estar\u00e1 mucho m\u00e1s controlada.<\/h3>\n\n\n\n<div style=\"height:64px\" aria-hidden=\"true\" class=\"wp-block-spacer\"><\/div>\n","protected":false},"excerpt":{"rendered":"<p>La mayor soluci\u00f3n ante derrames de petr\u00f3leo en el mar siempre es prevenir con equipos profesionales que ayuden con rapidez e inmediatez a contener y limpiar el derrame<\/p>\n","protected":false},"author":2,"featured_media":13796,"parent":42,"menu_order":0,"comment_status":"closed","ping_status":"closed","template":"","meta":{"_acf_changed":false,"footnotes":""},"class_list":["post-2709","page","type-page","status-publish","has-post-thumbnail","hentry"],"acf":[],"_links":{"self":[{"href":"https:\/\/markleen.com\/es\/wp-json\/wp\/v2\/pages\/2709"}],"collection":[{"href":"https:\/\/markleen.com\/es\/wp-json\/wp\/v2\/pages"}],"about":[{"href":"https:\/\/markleen.com\/es\/wp-json\/wp\/v2\/types\/page"}],"author":[{"embeddable":true,"href":"https:\/\/markleen.com\/es\/wp-json\/wp\/v2\/users\/2"}],"replies":[{"embeddable":true,"href":"https:\/\/markleen.com\/es\/wp-json\/wp\/v2\/comments?post=2709"}],"version-history":[{"count":0,"href":"https:\/\/markleen.com\/es\/wp-json\/wp\/v2\/pages\/2709\/revisions"}],"up":[{"embeddable":true,"href":"https:\/\/markleen.com\/es\/wp-json\/wp\/v2\/pages\/42"}],"wp:featuredmedia":[{"embeddable":true,"href":"https:\/\/markleen.com\/es\/wp-json\/wp\/v2\/media\/13796"}],"wp:attachment":[{"href":"https:\/\/markleen.com\/es\/wp-json\/wp\/v2\/media?parent=2709"}],"curies":[{"name":"wp","href":"https:\/\/api.w.org\/{rel}","templated":true}]}}