

{"id":63,"date":"2020-03-19T07:28:21","date_gmt":"2020-03-19T07:28:21","guid":{"rendered":"https:\/\/markleen.com\/?page_id=63"},"modified":"2024-01-04T09:34:38","modified_gmt":"2024-01-04T09:34:38","slug":"contacto","status":"publish","type":"page","link":"https:\/\/markleen.com\/es\/contacto\/","title":{"rendered":"Contacto"},"content":{"rendered":"\n<div style=\"height:80px\" aria-hidden=\"true\" class=\"wp-block-spacer\"><\/div>\n\n\n\n<div class=\"wp-block-columns is-layout-flex wp-container-core-columns-is-layout-1 wp-block-columns-is-layout-flex\">\n<div class=\"wp-block-column is-layout-flow wp-block-column-is-layout-flow\">\n<div class=\"wp-block-group\"><div class=\"wp-block-group__inner-container is-layout-constrained wp-block-group-is-layout-constrained\">\n<h2 class=\"wp-block-heading\" id=\"egersund-markleen-as\">Contacta con Markleen<\/h2>\n\n\n\n<p><strong>Contacte con nosotros si desea m\u00e1s informaci\u00f3n a trav\u00e9s de nuestros email o rellenando el formulario de contacto.<\/strong><\/p>\n\n\n\n<p>Contacto comercial:&nbsp;<a href=\"mailto:markleen@markleen.eu\">markleen@markleen.eu<\/a><br>Servicio t\u00e9cnico:&nbsp;<a href=\"mailto:technicalservice@markleen.eu\" data-type=\"mailto\" data-id=\"mailto:technicalservice@markleen.eu\">technicalservice@markleen.eu<\/a><\/p>\n<\/div><\/div>\n<\/div>\n\n\n\n<div class=\"wp-block-column is-layout-flow wp-block-column-is-layout-flow\">\n<div class=\"wp-block-group is-style-border-radius has-secondary-30-background-color has-background\"><div class=\"wp-block-group__inner-container is-layout-constrained wp-block-group-is-layout-constrained\">\n<div class=\"wp-block-contact-form-7-contact-form-selector\">\n<div class=\"wpcf7 no-js\" id=\"wpcf7-f10-o1\" lang=\"es-ES\" dir=\"ltr\" data-wpcf7-id=\"10\">\n<div class=\"screen-reader-response\"><p role=\"status\" aria-live=\"polite\" aria-atomic=\"true\"><\/p> <ul><\/ul><\/div>\n<form action=\"\/es\/wp-json\/wp\/v2\/pages\/63#wpcf7-f10-o1\" method=\"post\" class=\"wpcf7-form init\" aria-label=\"Formulario de contacto\" novalidate=\"novalidate\" data-status=\"init\">\n<div style=\"display: none;\">\n<input type=\"hidden\" name=\"_wpcf7\" value=\"10\" \/>\n<input type=\"hidden\" name=\"_wpcf7_version\" value=\"6.0.6\" \/>\n<input type=\"hidden\" name=\"_wpcf7_locale\" value=\"es_ES\" \/>\n<input type=\"hidden\" name=\"_wpcf7_unit_tag\" value=\"wpcf7-f10-o1\" \/>\n<input type=\"hidden\" name=\"_wpcf7_container_post\" value=\"0\" \/>\n<input type=\"hidden\" name=\"_wpcf7_posted_data_hash\" value=\"\" \/>\n<\/div>\n<p><label>Nombre*<br \/>\n<span class=\"wpcf7-form-control-wrap\" data-name=\"your-name\"><input size=\"40\" maxlength=\"400\" class=\"wpcf7-form-control wpcf7-text wpcf7-validates-as-required\" aria-required=\"true\" aria-invalid=\"false\" value=\"\" type=\"text\" name=\"your-name\" \/><\/span> <\/label>\n<\/p>\n<p><label>Email*<br \/>\n<span class=\"wpcf7-form-control-wrap\" data-name=\"your-email\"><input size=\"40\" maxlength=\"400\" class=\"wpcf7-form-control wpcf7-email wpcf7-validates-as-required wpcf7-text wpcf7-validates-as-email\" aria-required=\"true\" aria-invalid=\"false\" value=\"\" type=\"email\" name=\"your-email\" \/><\/span> <\/label>\n<\/p>\n<p><label>Tel\u00e9fono*<br \/>\n<span class=\"wpcf7-form-control-wrap\" data-name=\"your-phone\"><input size=\"40\" maxlength=\"400\" class=\"wpcf7-form-control wpcf7-tel wpcf7-validates-as-required wpcf7-text wpcf7-validates-as-tel\" aria-required=\"true\" aria-invalid=\"false\" value=\"\" type=\"tel\" name=\"your-phone\" \/><\/span> <\/label>\n<\/p>\n<p><label>Su mensaje<br \/>\n<span class=\"wpcf7-form-control-wrap\" data-name=\"your-message\"><textarea cols=\"40\" rows=\"4\" maxlength=\"2000\" class=\"wpcf7-form-control wpcf7-textarea\" aria-invalid=\"false\" name=\"your-message\"><\/textarea><\/span> <\/label>\n<\/p>\n<div class=\"\">\n\t<p><span class=\"wpcf7-form-control-wrap\" data-name=\"acceptance-535\"><span class=\"wpcf7-form-control wpcf7-acceptance\"><span class=\"wpcf7-list-item\"><label><input type=\"checkbox\" name=\"acceptance-535\" value=\"1\" aria-invalid=\"false\" \/><span class=\"wpcf7-list-item-label\">He le\u00eddo y acepto la <a href=\"https:\/\/markleen.com\/es\/politica-privacidad\/\">pol\u00edtica de privacidad<\/a><\/span><\/label><\/span><\/span><\/span>\n\t<\/p>\n<\/div>\n<p><input class=\"wpcf7-form-control wpcf7-submit has-spinner btn btn--full has-primary-background-color\" type=\"submit\" value=\"Enviar\" \/>\n<\/p><div class=\"wpcf7-response-output\" aria-hidden=\"true\"><\/div>\n<\/form>\n<\/div>\n<\/div>\n<\/div><\/div>\n<\/div>\n<\/div>\n\n\n\n<div style=\"height:80px\" aria-hidden=\"true\" class=\"wp-block-spacer\"><\/div>\n\n\n\n<div class=\"wp-block-group\"><div class=\"wp-block-group__inner-container is-layout-constrained wp-block-group-is-layout-constrained\">\n<h2 class=\"wp-block-heading has-text-align-center\" id=\"donde-se-encuentra-markleen\">\u00bfD\u00f3nde se encuentra Markleen? <\/h2>\n\n\n\n<p class=\"has-text-align-center mb-4\">Nuestras sedes se encuentran ubicadas en Espa\u00f1a y Francia. <\/p>\n<\/div><\/div>\n\n\n\n<div class=\"wp-block-columns is-layout-flex wp-container-core-columns-is-layout-2 wp-block-columns-is-layout-flex\">\n<div class=\"wp-block-column is-layout-flow wp-block-column-is-layout-flow\">\n<div class=\"wp-block-group\"><div class=\"wp-block-group__inner-container is-layout-constrained wp-block-group-is-layout-constrained\">\n<h4 class=\"wp-block-heading\" id=\"markleen-management-s-l\">MARKLEEN MANAGEMENT, S.L.<\/h4>\n\n\n\n<iframe loading=\"lazy\" src=\"https:\/\/www.google.com\/maps\/embed?pb=!1m18!1m12!1m3!1d5947.468243280753!2d-0.7764364731307821!3d41.81248771690955!2m3!1f0!2f0!3f0!3m2!1i1024!2i768!4f13.1!3m3!1m2!1s0xd590f6b72b55ff1%3A0x1a206844a5835b94!2sMarkleen%20Terra!5e0!3m2!1ses!2ses!4v1588730291320!5m2!1ses!2ses\" style=\"border:0;\" allowfullscreen=\"\" aria-hidden=\"false\" tabindex=\"0\" width=\"100%\" height=\"450\" frameborder=\"0\"><\/iframe>\n\n\n\n<p>Pol. R\u00edo G\u00e1llego, Calle E, 22.<br>50840 San Mateo de G\u00e1llego<br>Zaragoza, Spain<\/p>\n<\/div><\/div>\n<\/div>\n\n\n\n<div class=\"wp-block-column is-layout-flow wp-block-column-is-layout-flow\">\n<div class=\"wp-block-group\"><div class=\"wp-block-group__inner-container is-layout-constrained wp-block-group-is-layout-constrained\">\n<h4 class=\"wp-block-heading\" id=\"egersund-markleen-as\">SERGE FERRARI GROUP<\/h4>\n\n\n\n<iframe src=\"https:\/\/www.google.com\/maps\/embed?pb=!1m18!1m12!1m3!1d3232.31277821936!2d5.416190899999998!3d45.568674599999994!2m3!1f0!2f0!3f0!3m2!1i1024!2i768!4f13.1!3m3!1m2!1s0x478b2546fec50759%3A0xd4858664ede51d1d!2sSerge%20Ferrari%20B%C3%A2timent%20C!5e0!3m2!1ses!2ses!4v1682409804776!5m2!1ses!2ses\" width=\"100%\" height=\"450\" style=\"border:0;\" allowfullscreen=\"\" loading=\"lazy\" referrerpolicy=\"no-referrer-when-downgrade\"><\/iframe>\n\n\n\n<p>ZI de la Tour du Pin<br>38110 Saint Jean de Soudain<br>France<\/p>\n<\/div><\/div>\n<\/div>\n<\/div>\n\n\n\n<figure class=\"wp-block-image alignfull size-large mt-6 mb-0 floating\"><img loading=\"lazy\" decoding=\"async\" width=\"1440\" height=\"357\" src=\"https:\/\/markleen.com\/wp-content\/uploads\/2023\/11\/bg-olas.svg\" alt=\"Markleen | Soluciones a derrames en el medio marino, industria y otros sectores\" class=\"wp-image-15016\" title=\"\"><\/figure>\n\n\n\n<div class=\"wp-block-cover alignfull is-style-default mb-0 has-text-white-color has-text-color\"><span aria-hidden=\"true\" class=\"wp-block-cover__background has-background-dim-0 has-background-dim\"><\/span><img loading=\"lazy\" decoding=\"async\" width=\"1440\" height=\"1780\" class=\"wp-block-cover__image-background wp-image-13275\" alt=\"Markleen | Soluciones a derrames en el medio marino, industria y otros sectores\" src=\"https:\/\/markleen.com\/wp-content\/uploads\/2023\/10\/bg-waves-footer.jpg\" style=\"object-position:50% 0%\" data-object-fit=\"cover\" data-object-position=\"50% 0%\" title=\"\" srcset=\"https:\/\/markleen.com\/wp-content\/uploads\/2023\/10\/bg-waves-footer.jpg 1440w, https:\/\/markleen.com\/wp-content\/uploads\/2023\/10\/bg-waves-footer-243x300.jpg 243w, https:\/\/markleen.com\/wp-content\/uploads\/2023\/10\/bg-waves-footer-828x1024.jpg 828w, https:\/\/markleen.com\/wp-content\/uploads\/2023\/10\/bg-waves-footer-768x949.jpg 768w, https:\/\/markleen.com\/wp-content\/uploads\/2023\/10\/bg-waves-footer-1243x1536.jpg 1243w\" sizes=\"(max-width: 1440px) 100vw, 1440px\" \/><div class=\"wp-block-cover__inner-container is-layout-constrained wp-block-cover-is-layout-constrained\">\n<div style=\"height:48px\" aria-hidden=\"true\" class=\"wp-block-spacer\"><\/div>\n\n\n\n<div class=\"wp-block-group\"><div class=\"wp-block-group__inner-container is-layout-constrained wp-block-group-is-layout-constrained\">\n<div class=\"wp-block-group is-content-justification-left is-nowrap is-layout-flex wp-container-core-group-is-layout-6 wp-block-group-is-layout-flex\" data-aos=\"fade\" data-aos-duration=\"1000\">\n<p class=\"is-style-text-h2\">Clientes<\/p>\n\n\n\n<hr class=\"wp-block-separator has-alpha-channel-opacity is-style-wide wp-container-content-1\"\/>\n<\/div>\n\n\n\n<figure class=\"wp-block-gallery has-nested-images columns-6 is-cropped wp-block-gallery-1 is-layout-flex wp-block-gallery-is-layout-flex\">\n<figure class=\"wp-block-image size-thumbnail is-style-rounded\"><img loading=\"lazy\" decoding=\"async\" width=\"150\" height=\"150\" data-id=\"14578\" src=\"https:\/\/markleen.com\/wp-content\/uploads\/2024\/01\/logo-cliente-0009_NOFO-150x150.jpg\" alt=\"Markleen | Soluciones a derrames en el medio marino, industria y otros sectores\" class=\"wp-image-14578\" title=\"\" srcset=\"https:\/\/markleen.com\/wp-content\/uploads\/2024\/01\/logo-cliente-0009_NOFO-150x150.jpg 150w, https:\/\/markleen.com\/wp-content\/uploads\/2024\/01\/logo-cliente-0009_NOFO.jpg 300w\" sizes=\"(max-width: 150px) 100vw, 150px\" \/><\/figure>\n\n\n\n<figure class=\"wp-block-image size-full is-style-rounded\"><img loading=\"lazy\" decoding=\"async\" width=\"300\" height=\"300\" data-id=\"14584\" src=\"https:\/\/markleen.com\/wp-content\/uploads\/2024\/01\/logo-cliente-0007_Puertos-del-Estado.jpg\" alt=\"Markleen | Soluciones a derrames en el medio marino, industria y otros sectores\" class=\"wp-image-14584\" title=\"\" srcset=\"https:\/\/markleen.com\/wp-content\/uploads\/2024\/01\/logo-cliente-0007_Puertos-del-Estado.jpg 300w, https:\/\/markleen.com\/wp-content\/uploads\/2024\/01\/logo-cliente-0007_Puertos-del-Estado-150x150.jpg 150w\" sizes=\"(max-width: 300px) 100vw, 300px\" \/><\/figure>\n\n\n\n<figure class=\"wp-block-image size-full is-style-rounded\"><img loading=\"lazy\" decoding=\"async\" width=\"300\" height=\"300\" data-id=\"14602\" src=\"https:\/\/markleen.com\/wp-content\/uploads\/2024\/01\/logo-cliente-0001_TotalEnergies.jpg\" alt=\"Markleen | Soluciones a derrames en el medio marino, industria y otros sectores\" class=\"wp-image-14602\" title=\"\" srcset=\"https:\/\/markleen.com\/wp-content\/uploads\/2024\/01\/logo-cliente-0001_TotalEnergies.jpg 300w, https:\/\/markleen.com\/wp-content\/uploads\/2024\/01\/logo-cliente-0001_TotalEnergies-150x150.jpg 150w\" sizes=\"(max-width: 300px) 100vw, 300px\" \/><\/figure>\n\n\n\n<figure class=\"wp-block-image size-full is-style-rounded\"><img loading=\"lazy\" decoding=\"async\" width=\"300\" height=\"300\" data-id=\"14590\" src=\"https:\/\/markleen.com\/wp-content\/uploads\/2024\/01\/logo-cliente-0005_Repsol.jpg\" alt=\"Markleen | Soluciones a derrames en el medio marino, industria y otros sectores\" class=\"wp-image-14590\" title=\"\" srcset=\"https:\/\/markleen.com\/wp-content\/uploads\/2024\/01\/logo-cliente-0005_Repsol.jpg 300w, https:\/\/markleen.com\/wp-content\/uploads\/2024\/01\/logo-cliente-0005_Repsol-150x150.jpg 150w\" sizes=\"(max-width: 300px) 100vw, 300px\" \/><\/figure>\n\n\n\n<figure class=\"wp-block-image size-large is-style-rounded\"><img loading=\"lazy\" decoding=\"async\" width=\"300\" height=\"300\" data-id=\"14533\" src=\"https:\/\/markleen.com\/wp-content\/uploads\/2024\/01\/logo-cliente-0024_ADPC.jpg\" alt=\"Markleen | Soluciones a derrames en el medio marino, industria y otros sectores\" class=\"wp-image-14533\" title=\"\" srcset=\"https:\/\/markleen.com\/wp-content\/uploads\/2024\/01\/logo-cliente-0024_ADPC.jpg 300w, https:\/\/markleen.com\/wp-content\/uploads\/2024\/01\/logo-cliente-0024_ADPC-150x150.jpg 150w\" sizes=\"(max-width: 300px) 100vw, 300px\" \/><\/figure>\n\n\n\n<figure class=\"wp-block-image size-full is-style-rounded\"><img loading=\"lazy\" decoding=\"async\" width=\"300\" height=\"300\" data-id=\"14542\" src=\"https:\/\/markleen.com\/wp-content\/uploads\/2024\/01\/logo-cliente-0021_Canadian-Coast-Guard.jpg\" alt=\"Markleen | Soluciones a derrames en el medio marino, industria y otros sectores\" class=\"wp-image-14542\" title=\"\" srcset=\"https:\/\/markleen.com\/wp-content\/uploads\/2024\/01\/logo-cliente-0021_Canadian-Coast-Guard.jpg 300w, https:\/\/markleen.com\/wp-content\/uploads\/2024\/01\/logo-cliente-0021_Canadian-Coast-Guard-150x150.jpg 150w\" sizes=\"(max-width: 300px) 100vw, 300px\" \/><\/figure>\n<\/figure>\n\n\n\n<div style=\"height:80px\" aria-hidden=\"true\" class=\"wp-block-spacer\"><\/div>\n<\/div><\/div>\n\n\n\n<div class=\"wp-block-columns site-footer is-layout-flex wp-container-core-columns-is-layout-3 wp-block-columns-is-layout-flex\">\n<div class=\"wp-block-column is-layout-flow wp-block-column-is-layout-flow\" data-aos=\"fade-up\" data-aos-duration=\"1000\">\n<p>MARKLEEN MANAGEMENT, S.L.<\/p>\n\n\n\n<p>Pol. R\u00edo G\u00e1llego, Calle E, 22.<br>50840 San Mateo de G\u00e1llego<br>Zaragoza, Spain<\/p>\n<\/div>\n\n\n\n<div class=\"wp-block-column is-layout-flow wp-block-column-is-layout-flow\" data-aos=\"fade-up\" data-aos-delay=\"250\" data-aos-duration=\"1000\">\n<p>SERGE FERRARI GROUP<\/p>\n\n\n\n<p>ZI de la Tour du Pin<br>38110 Saint Jean de Soudain<br>France<\/p>\n<\/div>\n\n\n\n<div class=\"wp-block-column is-layout-flow wp-block-column-is-layout-flow\" data-aos=\"fade-up\" data-aos-delay=\"550\" data-aos-duration=\"1000\">\n<p>Contacto comercial:<br><a href=\"mailto:markleen@markleen.eu\">markleen@markleen.eu<\/a><\/p>\n\n\n\n<p>Servicio t\u00e9cnico:<br><a href=\"mailto:technicalservice@markleen.eu\">technicalservice@markleen.eu<\/a><\/p>\n<\/div>\n\n\n\n<div class=\"wp-block-column is-vertically-aligned-center is-layout-flow wp-block-column-is-layout-flow\" style=\"flex-basis:16.66%\" data-aos=\"fade-up\" data-aos-delay=\"750\" data-aos-duration=\"1000\">\n<p><a href=\"https:\/\/markleen.com\/wp-content\/uploads\/2024\/01\/Politica-Markleen.pdf\">Pol\u00edtica integrada de gesti\u00f3n<\/a><\/p>\n\n\n\n<ul class=\"wp-block-social-links aligncenter has-icon-color is-style-logos-only is-content-justification-right is-layout-flex wp-container-core-social-links-is-layout-1 wp-block-social-links-is-layout-flex\"><li style=\"color: var(--primary-10); \" class=\"wp-social-link wp-social-link-linkedin has-primary-10-color wp-block-social-link\"><a href=\"https:\/\/www.linkedin.com\/company\/markleen\" class=\"wp-block-social-link-anchor\" target=\"_blank\" rel=\"noopener\"><svg width=\"24\" height=\"24\" viewBox=\"0 0 24 24\" version=\"1.1\" xmlns=\"http:\/\/www.w3.org\/2000\/svg\" aria-hidden=\"true\" focusable=\"false\"><path d=\"M19.7,3H4.3C3.582,3,3,3.582,3,4.3v15.4C3,20.418,3.582,21,4.3,21h15.4c0.718,0,1.3-0.582,1.3-1.3V4.3 C21,3.582,20.418,3,19.7,3z M8.339,18.338H5.667v-8.59h2.672V18.338z M7.004,8.574c-0.857,0-1.549-0.694-1.549-1.548 c0-0.855,0.691-1.548,1.549-1.548c0.854,0,1.547,0.694,1.547,1.548C8.551,7.881,7.858,8.574,7.004,8.574z M18.339,18.338h-2.669 v-4.177c0-0.996-0.017-2.278-1.387-2.278c-1.389,0-1.601,1.086-1.601,2.206v4.249h-2.667v-8.59h2.559v1.174h0.037 c0.356-0.675,1.227-1.387,2.526-1.387c2.703,0,3.203,1.779,3.203,4.092V18.338z\"><\/path><\/svg><span class=\"wp-block-social-link-label screen-reader-text\">LinkedIn<\/span><\/a><\/li><\/ul>\n<\/div>\n<\/div>\n<\/div><\/div>\n","protected":false},"excerpt":{"rendered":"<p>Contacte con nosotros si desea m\u00e1s informaci\u00f3n en el mail markleen@markleen.eu o rellenando el formulario de contacto.<\/p>\n<p><a  class=\"btn btn--white btn--md\" href=\"#section-cta\">Ir al formulario<\/a><\/p>\n","protected":false},"author":1,"featured_media":14893,"parent":0,"menu_order":0,"comment_status":"closed","ping_status":"closed","template":"","meta":{"_acf_changed":false,"footnotes":""},"class_list":["post-63","page","type-page","status-publish","has-post-thumbnail","hentry"],"acf":[],"_links":{"self":[{"href":"https:\/\/markleen.com\/es\/wp-json\/wp\/v2\/pages\/63"}],"collection":[{"href":"https:\/\/markleen.com\/es\/wp-json\/wp\/v2\/pages"}],"about":[{"href":"https:\/\/markleen.com\/es\/wp-json\/wp\/v2\/types\/page"}],"author":[{"embeddable":true,"href":"https:\/\/markleen.com\/es\/wp-json\/wp\/v2\/users\/1"}],"replies":[{"embeddable":true,"href":"https:\/\/markleen.com\/es\/wp-json\/wp\/v2\/comments?post=63"}],"version-history":[{"count":0,"href":"https:\/\/markleen.com\/es\/wp-json\/wp\/v2\/pages\/63\/revisions"}],"wp:featuredmedia":[{"embeddable":true,"href":"https:\/\/markleen.com\/es\/wp-json\/wp\/v2\/media\/14893"}],"wp:attachment":[{"href":"https:\/\/markleen.com\/es\/wp-json\/wp\/v2\/media?parent=63"}],"curies":[{"name":"wp","href":"https:\/\/api.w.org\/{rel}","templated":true}]}}